{"id":130,"date":"2023-04-21T00:54:45","date_gmt":"2023-04-21T00:54:45","guid":{"rendered":"https:\/\/fmactiv.org\/?page_id=130"},"modified":"2023-05-09T03:38:33","modified_gmt":"2023-05-09T03:38:33","slug":"programas","status":"publish","type":"page","link":"https:\/\/fmactiv.org\/index.php\/programas\/","title":{"rendered":"Programas"},"content":{"rendered":"\n<p><strong><mark style=\"background-color:rgba(0, 0, 0, 0)\" class=\"has-inline-color has-vivid-cyan-blue-color\">Conoce los programas de la Federaci\u00f3n Mexicana de Actividades A.C. <\/mark><\/strong><\/p>\n\n\n\n<p><\/p>\n\n\n\n<div class=\"wp-block-columns is-layout-flex wp-container-core-columns-is-layout-9d6595d7 wp-block-columns-is-layout-flex\">\n<div class=\"wp-block-column is-layout-flow wp-block-column-is-layout-flow\">\n<p><strong><mark style=\"background-color:rgba(0, 0, 0, 0)\" class=\"has-inline-color has-luminous-vivid-orange-color\">Programa Bio FMACTIV<\/mark><\/strong><\/p>\n<\/div>\n\n\n\n<div class=\"wp-block-column is-layout-flow wp-block-column-is-layout-flow\"><div class=\"wp-block-image\">\n<figure class=\"aligncenter size-large is-resized\"><img loading=\"lazy\" decoding=\"async\" src=\"https:\/\/fmactiv.org\/wp-content\/uploads\/2023\/05\/BIO-1024x312.jpg\" alt=\"\" class=\"wp-image-279\" width=\"273\" height=\"83\" srcset=\"https:\/\/fmactiv.org\/wp-content\/uploads\/2023\/05\/BIO-1024x312.jpg 1024w, https:\/\/fmactiv.org\/wp-content\/uploads\/2023\/05\/BIO-300x91.jpg 300w, https:\/\/fmactiv.org\/wp-content\/uploads\/2023\/05\/BIO-768x234.jpg 768w, https:\/\/fmactiv.org\/wp-content\/uploads\/2023\/05\/BIO-1536x467.jpg 1536w, https:\/\/fmactiv.org\/wp-content\/uploads\/2023\/05\/BIO.jpg 1564w\" sizes=\"auto, (max-width: 273px) 100vw, 273px\" \/><\/figure><\/div><\/div>\n<\/div>\n\n\n\n<div class=\"wp-block-columns is-layout-flex wp-container-core-columns-is-layout-9d6595d7 wp-block-columns-is-layout-flex\">\n<div class=\"wp-block-column is-layout-flow wp-block-column-is-layout-flow\">\n<p><mark style=\"background-color:rgba(0, 0, 0, 0)\" class=\"has-inline-color has-luminous-vivid-orange-color\"><strong>Programa de Entrenamiento Fartleck<\/strong><\/mark><\/p>\n<\/div>\n\n\n\n<div class=\"wp-block-column is-layout-flow wp-block-column-is-layout-flow\"><div class=\"wp-block-image\">\n<figure class=\"aligncenter size-large is-resized\"><img loading=\"lazy\" decoding=\"async\" src=\"https:\/\/fmactiv.org\/wp-content\/uploads\/2023\/05\/Activation-1024x198.jpg\" alt=\"\" class=\"wp-image-280\" width=\"350\" height=\"67\" srcset=\"https:\/\/fmactiv.org\/wp-content\/uploads\/2023\/05\/Activation-1024x198.jpg 1024w, https:\/\/fmactiv.org\/wp-content\/uploads\/2023\/05\/Activation-300x58.jpg 300w, https:\/\/fmactiv.org\/wp-content\/uploads\/2023\/05\/Activation-768x148.jpg 768w, https:\/\/fmactiv.org\/wp-content\/uploads\/2023\/05\/Activation-1536x297.jpg 1536w, https:\/\/fmactiv.org\/wp-content\/uploads\/2023\/05\/Activation.jpg 1862w\" sizes=\"auto, (max-width: 350px) 100vw, 350px\" \/><\/figure><\/div><\/div>\n<\/div>\n\n\n\n<div class=\"wp-block-columns is-layout-flex wp-container-core-columns-is-layout-9d6595d7 wp-block-columns-is-layout-flex\">\n<div class=\"wp-block-column is-layout-flow wp-block-column-is-layout-flow\">\n<p><strong><mark style=\"background-color:rgba(0, 0, 0, 0)\" class=\"has-inline-color has-luminous-vivid-orange-color\">Programa del Gobierno de la Ciudad de M\u00e9xico<\/mark><\/strong><\/p>\n\n\n\n<p><strong><mark style=\"background-color:rgba(0, 0, 0, 0)\" class=\"has-inline-color has-black-color\">*Derecho a la cultura f\u00edsica y la pr\u00e1ctica del deporte<\/mark><\/strong><\/p>\n\n\n\n<p><strong>*<mark style=\"background-color:rgba(0, 0, 0, 0)\" class=\"has-inline-color has-black-color\">Fortalecimiento de Infraestructura deportiva<\/mark><\/strong><\/p>\n\n\n\n<p><strong><mark style=\"background-color:rgba(0, 0, 0, 0)\" class=\"has-inline-color has-black-color\">*Derecho de las mujeres<\/mark><\/strong><\/p>\n\n\n\n<p><strong><mark style=\"background-color:rgba(0, 0, 0, 0)\" class=\"has-inline-color has-black-color\">*Derecho a la igualdad y la inclusi\u00f3n<\/mark><\/strong><\/p>\n\n\n\n<p><strong><mark style=\"background-color:rgba(0, 0, 0, 0)\" class=\"has-inline-color has-black-color\">Ni\u00f1os, ni\u00f1as, adolescentes y j\u00f3venes<\/mark><\/strong><\/p>\n\n\n\n<p><mark style=\"background-color:rgba(0, 0, 0, 0)\" class=\"has-inline-color has-black-color\"><strong>*Fortalecimiento de la prevenci\u00f3n <\/strong><\/mark><\/p>\n\n\n\n<p><strong><mark style=\"background-color:rgba(0, 0, 0, 0)\" class=\"has-inline-color has-black-color\">*Protecci\u00f3n Civil<\/mark><\/strong><\/p>\n<\/div>\n\n\n\n<div class=\"wp-block-column is-layout-flow wp-block-column-is-layout-flow\"><div class=\"wp-block-image\">\n<figure class=\"aligncenter size-full is-resized\"><img loading=\"lazy\" decoding=\"async\" src=\"https:\/\/fmactiv.org\/wp-content\/uploads\/2023\/05\/programa-cdmx.png\" alt=\"\" class=\"wp-image-283\" width=\"279\" height=\"194\"\/><\/figure><\/div><\/div>\n<\/div>\n\n\n\n<div class=\"wp-block-columns is-layout-flex wp-container-core-columns-is-layout-9d6595d7 wp-block-columns-is-layout-flex\">\n<div class=\"wp-block-column is-layout-flow wp-block-column-is-layout-flow\">\n<p><strong><mark style=\"background-color:rgba(0, 0, 0, 0)\" class=\"has-inline-color has-luminous-vivid-orange-color\">Programa de Capacitaci\u00f3n y Desarrollo Microempresarial<\/mark><\/strong><\/p>\n<\/div>\n\n\n\n<div class=\"wp-block-column is-layout-flow wp-block-column-is-layout-flow\"><div class=\"wp-block-image\">\n<figure class=\"aligncenter size-full is-resized\"><img loading=\"lazy\" decoding=\"async\" src=\"https:\/\/fmactiv.org\/wp-content\/uploads\/2023\/05\/incompany.jpg\" alt=\"\" class=\"wp-image-304\" width=\"236\" height=\"160\" srcset=\"https:\/\/fmactiv.org\/wp-content\/uploads\/2023\/05\/incompany.jpg 427w, https:\/\/fmactiv.org\/wp-content\/uploads\/2023\/05\/incompany-300x203.jpg 300w\" sizes=\"auto, (max-width: 236px) 100vw, 236px\" \/><\/figure><\/div><\/div>\n<\/div>\n\n\n\n<div class=\"wp-block-columns is-layout-flex wp-container-core-columns-is-layout-9d6595d7 wp-block-columns-is-layout-flex\">\n<div class=\"wp-block-column is-layout-flow wp-block-column-is-layout-flow\"><div class=\"wp-block-image\">\n<figure class=\"aligncenter size-large is-resized\"><img loading=\"lazy\" decoding=\"async\" src=\"https:\/\/fmactiv.org\/wp-content\/uploads\/2023\/05\/Movimiento-1024x259.jpg\" alt=\"\" class=\"wp-image-289\" width=\"392\" height=\"99\" srcset=\"https:\/\/fmactiv.org\/wp-content\/uploads\/2023\/05\/Movimiento-1024x259.jpg 1024w, https:\/\/fmactiv.org\/wp-content\/uploads\/2023\/05\/Movimiento-300x76.jpg 300w, https:\/\/fmactiv.org\/wp-content\/uploads\/2023\/05\/Movimiento-768x195.jpg 768w, https:\/\/fmactiv.org\/wp-content\/uploads\/2023\/05\/Movimiento-1536x389.jpg 1536w, https:\/\/fmactiv.org\/wp-content\/uploads\/2023\/05\/Movimiento-1920x486.jpg 1920w, https:\/\/fmactiv.org\/wp-content\/uploads\/2023\/05\/Movimiento.jpg 1982w\" sizes=\"auto, (max-width: 392px) 100vw, 392px\" \/><\/figure><\/div>\n\n\n<p class=\"has-text-align-center\"><strong><mark style=\"background-color:rgba(0, 0, 0, 0)\" class=\"has-inline-color has-black-color\"><em>Int\u00e9grate al Movimiento Nacional de Actividades de la Federaci\u00f3n Mexicana de Actividades A.C.<\/em><\/mark><\/strong><\/p>\n<\/div>\n<\/div>\n","protected":false},"excerpt":{"rendered":"<p>Conoce los programas de la Federaci\u00f3n Mexicana de Actividades A.C. Programa Bio FMACTIV Programa de Entrenamiento Fartleck Programa del Gobierno de la Ciudad de M\u00e9xico *Derecho a la cultura f\u00edsica y la pr\u00e1ctica del deporte *Fortalecimiento de Infraestructura deportiva *Derecho de las mujeres *Derecho a la igualdad y la inclusi\u00f3n Ni\u00f1os, ni\u00f1as, adolescentes y j\u00f3venes&hellip; <br \/> <a class=\"read-more\" href=\"https:\/\/fmactiv.org\/index.php\/programas\/\">Leer m\u00e1s<\/a><\/p>\n","protected":false},"author":1,"featured_media":0,"parent":0,"menu_order":0,"comment_status":"closed","ping_status":"closed","template":"","meta":{"footnotes":""},"class_list":["post-130","page","type-page","status-publish","hentry"],"yoast_head":"<!-- This site is optimized with the Yoast SEO plugin v20.5 - https:\/\/yoast.com\/wordpress\/plugins\/seo\/ -->\n<title>Programas - fmactiv<\/title>\n<meta name=\"description\" content=\"Conoce los programas de la Federaci\u00f3n Mexicana de Actividades A.C. int\u00e9grate y disfruta de los beneficios que te ofrecemos\" \/>\n<meta name=\"robots\" content=\"index, follow, max-snippet:-1, max-image-preview:large, max-video-preview:-1\" \/>\n<link rel=\"canonical\" href=\"https:\/\/fmactiv.org\/index.php\/programas\/\" \/>\n<meta property=\"og:locale\" content=\"es_ES\" \/>\n<meta property=\"og:type\" content=\"article\" \/>\n<meta property=\"og:title\" content=\"Programas - fmactiv\" \/>\n<meta property=\"og:description\" content=\"Conoce los programas de la Federaci\u00f3n Mexicana de Actividades A.C. int\u00e9grate y disfruta de los beneficios que te ofrecemos\" \/>\n<meta property=\"og:url\" content=\"https:\/\/fmactiv.org\/index.php\/programas\/\" \/>\n<meta property=\"og:site_name\" content=\"fmactiv\" \/>\n<meta property=\"article:modified_time\" content=\"2023-05-09T03:38:33+00:00\" \/>\n<meta property=\"og:image\" content=\"https:\/\/fmactiv.org\/wp-content\/uploads\/2023\/05\/BIO-1024x312.jpg\" \/>\n<meta name=\"twitter:card\" content=\"summary_large_image\" \/>\n<meta name=\"twitter:label1\" content=\"Tiempo de lectura\" \/>\n\t<meta name=\"twitter:data1\" content=\"2 minutos\" \/>\n<script type=\"application\/ld+json\" class=\"yoast-schema-graph\">{\"@context\":\"https:\/\/schema.org\",\"@graph\":[{\"@type\":\"WebPage\",\"@id\":\"https:\/\/fmactiv.org\/index.php\/programas\/\",\"url\":\"https:\/\/fmactiv.org\/index.php\/programas\/\",\"name\":\"Programas - fmactiv\",\"isPartOf\":{\"@id\":\"https:\/\/fmactiv.org\/#website\"},\"datePublished\":\"2023-04-21T00:54:45+00:00\",\"dateModified\":\"2023-05-09T03:38:33+00:00\",\"description\":\"Conoce los programas de la Federaci\u00f3n Mexicana de Actividades A.C. int\u00e9grate y disfruta de los beneficios que te ofrecemos\",\"breadcrumb\":{\"@id\":\"https:\/\/fmactiv.org\/index.php\/programas\/#breadcrumb\"},\"inLanguage\":\"es\",\"potentialAction\":[{\"@type\":\"ReadAction\",\"target\":[\"https:\/\/fmactiv.org\/index.php\/programas\/\"]}]},{\"@type\":\"BreadcrumbList\",\"@id\":\"https:\/\/fmactiv.org\/index.php\/programas\/#breadcrumb\",\"itemListElement\":[{\"@type\":\"ListItem\",\"position\":1,\"name\":\"Portada\",\"item\":\"https:\/\/fmactiv.org\/\"},{\"@type\":\"ListItem\",\"position\":2,\"name\":\"Programas\"}]},{\"@type\":\"WebSite\",\"@id\":\"https:\/\/fmactiv.org\/#website\",\"url\":\"https:\/\/fmactiv.org\/\",\"name\":\"fmactiv\",\"description\":\"\",\"publisher\":{\"@id\":\"https:\/\/fmactiv.org\/#organization\"},\"potentialAction\":[{\"@type\":\"SearchAction\",\"target\":{\"@type\":\"EntryPoint\",\"urlTemplate\":\"https:\/\/fmactiv.org\/?s={search_term_string}\"},\"query-input\":\"required name=search_term_string\"}],\"inLanguage\":\"es\"},{\"@type\":\"Organization\",\"@id\":\"https:\/\/fmactiv.org\/#organization\",\"name\":\"fmactiv\",\"url\":\"https:\/\/fmactiv.org\/\",\"logo\":{\"@type\":\"ImageObject\",\"inLanguage\":\"es\",\"@id\":\"https:\/\/fmactiv.org\/#\/schema\/logo\/image\/\",\"url\":\"https:\/\/fmactiv.org\/wp-content\/uploads\/2025\/07\/900.jpg\",\"contentUrl\":\"https:\/\/fmactiv.org\/wp-content\/uploads\/2025\/07\/900.jpg\",\"width\":900,\"height\":333,\"caption\":\"fmactiv\"},\"image\":{\"@id\":\"https:\/\/fmactiv.org\/#\/schema\/logo\/image\/\"}}]}<\/script>\n<!-- \/ Yoast SEO plugin. -->","yoast_head_json":{"title":"Programas - fmactiv","description":"Conoce los programas de la Federaci\u00f3n Mexicana de Actividades A.C. int\u00e9grate y disfruta de los beneficios que te ofrecemos","robots":{"index":"index","follow":"follow","max-snippet":"max-snippet:-1","max-image-preview":"max-image-preview:large","max-video-preview":"max-video-preview:-1"},"canonical":"https:\/\/fmactiv.org\/index.php\/programas\/","og_locale":"es_ES","og_type":"article","og_title":"Programas - fmactiv","og_description":"Conoce los programas de la Federaci\u00f3n Mexicana de Actividades A.C. int\u00e9grate y disfruta de los beneficios que te ofrecemos","og_url":"https:\/\/fmactiv.org\/index.php\/programas\/","og_site_name":"fmactiv","article_modified_time":"2023-05-09T03:38:33+00:00","og_image":[{"url":"https:\/\/fmactiv.org\/wp-content\/uploads\/2023\/05\/BIO-1024x312.jpg"}],"twitter_card":"summary_large_image","twitter_misc":{"Tiempo de lectura":"2 minutos"},"schema":{"@context":"https:\/\/schema.org","@graph":[{"@type":"WebPage","@id":"https:\/\/fmactiv.org\/index.php\/programas\/","url":"https:\/\/fmactiv.org\/index.php\/programas\/","name":"Programas - fmactiv","isPartOf":{"@id":"https:\/\/fmactiv.org\/#website"},"datePublished":"2023-04-21T00:54:45+00:00","dateModified":"2023-05-09T03:38:33+00:00","description":"Conoce los programas de la Federaci\u00f3n Mexicana de Actividades A.C. int\u00e9grate y disfruta de los beneficios que te ofrecemos","breadcrumb":{"@id":"https:\/\/fmactiv.org\/index.php\/programas\/#breadcrumb"},"inLanguage":"es","potentialAction":[{"@type":"ReadAction","target":["https:\/\/fmactiv.org\/index.php\/programas\/"]}]},{"@type":"BreadcrumbList","@id":"https:\/\/fmactiv.org\/index.php\/programas\/#breadcrumb","itemListElement":[{"@type":"ListItem","position":1,"name":"Portada","item":"https:\/\/fmactiv.org\/"},{"@type":"ListItem","position":2,"name":"Programas"}]},{"@type":"WebSite","@id":"https:\/\/fmactiv.org\/#website","url":"https:\/\/fmactiv.org\/","name":"fmactiv","description":"","publisher":{"@id":"https:\/\/fmactiv.org\/#organization"},"potentialAction":[{"@type":"SearchAction","target":{"@type":"EntryPoint","urlTemplate":"https:\/\/fmactiv.org\/?s={search_term_string}"},"query-input":"required name=search_term_string"}],"inLanguage":"es"},{"@type":"Organization","@id":"https:\/\/fmactiv.org\/#organization","name":"fmactiv","url":"https:\/\/fmactiv.org\/","logo":{"@type":"ImageObject","inLanguage":"es","@id":"https:\/\/fmactiv.org\/#\/schema\/logo\/image\/","url":"https:\/\/fmactiv.org\/wp-content\/uploads\/2025\/07\/900.jpg","contentUrl":"https:\/\/fmactiv.org\/wp-content\/uploads\/2025\/07\/900.jpg","width":900,"height":333,"caption":"fmactiv"},"image":{"@id":"https:\/\/fmactiv.org\/#\/schema\/logo\/image\/"}}]}},"_links":{"self":[{"href":"https:\/\/fmactiv.org\/index.php\/wp-json\/wp\/v2\/pages\/130","targetHints":{"allow":["GET"]}}],"collection":[{"href":"https:\/\/fmactiv.org\/index.php\/wp-json\/wp\/v2\/pages"}],"about":[{"href":"https:\/\/fmactiv.org\/index.php\/wp-json\/wp\/v2\/types\/page"}],"author":[{"embeddable":true,"href":"https:\/\/fmactiv.org\/index.php\/wp-json\/wp\/v2\/users\/1"}],"replies":[{"embeddable":true,"href":"https:\/\/fmactiv.org\/index.php\/wp-json\/wp\/v2\/comments?post=130"}],"version-history":[{"count":13,"href":"https:\/\/fmactiv.org\/index.php\/wp-json\/wp\/v2\/pages\/130\/revisions"}],"predecessor-version":[{"id":306,"href":"https:\/\/fmactiv.org\/index.php\/wp-json\/wp\/v2\/pages\/130\/revisions\/306"}],"wp:attachment":[{"href":"https:\/\/fmactiv.org\/index.php\/wp-json\/wp\/v2\/media?parent=130"}],"curies":[{"name":"wp","href":"https:\/\/api.w.org\/{rel}","templated":true}]}}