{"id":128,"date":"2023-04-21T00:54:45","date_gmt":"2023-04-21T00:54:45","guid":{"rendered":"https:\/\/fmactiv.org\/?page_id=128"},"modified":"2023-05-09T02:28:11","modified_gmt":"2023-05-09T02:28:11","slug":"emprendimiento","status":"publish","type":"page","link":"https:\/\/fmactiv.org\/index.php\/emprendimiento\/","title":{"rendered":"Emprendimiento"},"content":{"rendered":"\n<div class=\"wp-block-columns is-layout-flex wp-container-core-columns-is-layout-9d6595d7 wp-block-columns-is-layout-flex\">\n<div class=\"wp-block-column is-layout-flow wp-block-column-is-layout-flow\">\n<p><strong><mark style=\"background-color:rgba(0, 0, 0, 0)\" class=\"has-inline-color has-black-color\">Constituye tu agencia de viajes, siendo promotor de servicios tur\u00edsticos en pocos pasos y de manera f\u00e1cil y segura. <\/mark><\/strong><\/p>\n\n\n\n<p><strong><mark style=\"background-color:rgba(0, 0, 0, 0)\" class=\"has-inline-color has-black-color\">Nosotros te asesoramos desde el inicio hasta tu primera venta, adem\u00e1s te ofrecemos la integraci\u00f3n a la Federaci\u00f3n Mexicana de Actividades A.C. con aval y respaldo de los mejores proveedores del sector tur\u00edstico. <\/mark><\/strong><\/p>\n\n\n\n<p><strong><mark style=\"background-color:rgba(0, 0, 0, 0)\" class=\"has-inline-color has-black-color\">Cont\u00e1ctanos este servicio est\u00e1 disponible en cualquier estado de M\u00e9xico, estamos a nivel Nacional <\/mark><\/strong><\/p>\n<\/div>\n\n\n\n<div class=\"wp-block-column is-layout-flow wp-block-column-is-layout-flow\"><div class=\"wp-block-image\">\n<figure class=\"aligncenter size-full\"><img loading=\"lazy\" decoding=\"async\" width=\"960\" height=\"620\" src=\"https:\/\/fmactiv.org\/wp-content\/uploads\/2023\/05\/agencia-de-viajes.jpeg\" alt=\"\" class=\"wp-image-272\" srcset=\"https:\/\/fmactiv.org\/wp-content\/uploads\/2023\/05\/agencia-de-viajes.jpeg 960w, https:\/\/fmactiv.org\/wp-content\/uploads\/2023\/05\/agencia-de-viajes-300x194.jpeg 300w, https:\/\/fmactiv.org\/wp-content\/uploads\/2023\/05\/agencia-de-viajes-768x496.jpeg 768w\" sizes=\"auto, (max-width: 960px) 100vw, 960px\" \/><\/figure><\/div><\/div>\n<\/div>\n","protected":false},"excerpt":{"rendered":"<p>Constituye tu agencia de viajes, siendo promotor de servicios tur\u00edsticos en pocos pasos y de manera f\u00e1cil y segura. Nosotros te asesoramos desde el inicio hasta tu primera venta, adem\u00e1s te ofrecemos la integraci\u00f3n a la Federaci\u00f3n Mexicana de Actividades A.C. con aval y respaldo de los mejores proveedores del sector tur\u00edstico. Cont\u00e1ctanos este servicio&hellip; <br \/> <a class=\"read-more\" href=\"https:\/\/fmactiv.org\/index.php\/emprendimiento\/\">Leer m\u00e1s<\/a><\/p>\n","protected":false},"author":1,"featured_media":0,"parent":0,"menu_order":0,"comment_status":"closed","ping_status":"closed","template":"","meta":{"footnotes":""},"class_list":["post-128","page","type-page","status-publish","hentry"],"yoast_head":"<!-- This site is optimized with the Yoast SEO plugin v20.5 - https:\/\/yoast.com\/wordpress\/plugins\/seo\/ -->\n<title>Emprendimiento - fmactiv<\/title>\n<meta name=\"description\" content=\"Emprendimiento FMACTIV te ayuda a constituir una agencia de viajes de manera f\u00e1cil, segura y con los mejores proveedores\" \/>\n<meta name=\"robots\" content=\"index, follow, max-snippet:-1, max-image-preview:large, max-video-preview:-1\" \/>\n<link rel=\"canonical\" href=\"https:\/\/fmactiv.org\/index.php\/emprendimiento\/\" \/>\n<meta property=\"og:locale\" content=\"es_ES\" \/>\n<meta property=\"og:type\" content=\"article\" \/>\n<meta property=\"og:title\" content=\"Emprendimiento - fmactiv\" \/>\n<meta property=\"og:description\" content=\"Emprendimiento FMACTIV te ayuda a constituir una agencia de viajes de manera f\u00e1cil, segura y con los mejores proveedores\" \/>\n<meta property=\"og:url\" content=\"https:\/\/fmactiv.org\/index.php\/emprendimiento\/\" \/>\n<meta property=\"og:site_name\" content=\"fmactiv\" \/>\n<meta property=\"article:modified_time\" content=\"2023-05-09T02:28:11+00:00\" \/>\n<meta property=\"og:image\" content=\"https:\/\/fmactiv.org\/wp-content\/uploads\/2023\/05\/agencia-de-viajes.jpeg\" \/>\n<meta name=\"twitter:card\" content=\"summary_large_image\" \/>\n<meta name=\"twitter:label1\" content=\"Tiempo de lectura\" \/>\n\t<meta name=\"twitter:data1\" content=\"1 minuto\" \/>\n<script type=\"application\/ld+json\" class=\"yoast-schema-graph\">{\"@context\":\"https:\/\/schema.org\",\"@graph\":[{\"@type\":\"WebPage\",\"@id\":\"https:\/\/fmactiv.org\/index.php\/emprendimiento\/\",\"url\":\"https:\/\/fmactiv.org\/index.php\/emprendimiento\/\",\"name\":\"Emprendimiento - fmactiv\",\"isPartOf\":{\"@id\":\"https:\/\/fmactiv.org\/#website\"},\"datePublished\":\"2023-04-21T00:54:45+00:00\",\"dateModified\":\"2023-05-09T02:28:11+00:00\",\"description\":\"Emprendimiento FMACTIV te ayuda a constituir una agencia de viajes de manera f\u00e1cil, segura y con los mejores proveedores\",\"breadcrumb\":{\"@id\":\"https:\/\/fmactiv.org\/index.php\/emprendimiento\/#breadcrumb\"},\"inLanguage\":\"es\",\"potentialAction\":[{\"@type\":\"ReadAction\",\"target\":[\"https:\/\/fmactiv.org\/index.php\/emprendimiento\/\"]}]},{\"@type\":\"BreadcrumbList\",\"@id\":\"https:\/\/fmactiv.org\/index.php\/emprendimiento\/#breadcrumb\",\"itemListElement\":[{\"@type\":\"ListItem\",\"position\":1,\"name\":\"Portada\",\"item\":\"https:\/\/fmactiv.org\/\"},{\"@type\":\"ListItem\",\"position\":2,\"name\":\"Emprendimiento\"}]},{\"@type\":\"WebSite\",\"@id\":\"https:\/\/fmactiv.org\/#website\",\"url\":\"https:\/\/fmactiv.org\/\",\"name\":\"fmactiv\",\"description\":\"\",\"publisher\":{\"@id\":\"https:\/\/fmactiv.org\/#organization\"},\"potentialAction\":[{\"@type\":\"SearchAction\",\"target\":{\"@type\":\"EntryPoint\",\"urlTemplate\":\"https:\/\/fmactiv.org\/?s={search_term_string}\"},\"query-input\":\"required name=search_term_string\"}],\"inLanguage\":\"es\"},{\"@type\":\"Organization\",\"@id\":\"https:\/\/fmactiv.org\/#organization\",\"name\":\"fmactiv\",\"url\":\"https:\/\/fmactiv.org\/\",\"logo\":{\"@type\":\"ImageObject\",\"inLanguage\":\"es\",\"@id\":\"https:\/\/fmactiv.org\/#\/schema\/logo\/image\/\",\"url\":\"https:\/\/fmactiv.org\/wp-content\/uploads\/2025\/07\/900.jpg\",\"contentUrl\":\"https:\/\/fmactiv.org\/wp-content\/uploads\/2025\/07\/900.jpg\",\"width\":900,\"height\":333,\"caption\":\"fmactiv\"},\"image\":{\"@id\":\"https:\/\/fmactiv.org\/#\/schema\/logo\/image\/\"}}]}<\/script>\n<!-- \/ Yoast SEO plugin. -->","yoast_head_json":{"title":"Emprendimiento - fmactiv","description":"Emprendimiento FMACTIV te ayuda a constituir una agencia de viajes de manera f\u00e1cil, segura y con los mejores proveedores","robots":{"index":"index","follow":"follow","max-snippet":"max-snippet:-1","max-image-preview":"max-image-preview:large","max-video-preview":"max-video-preview:-1"},"canonical":"https:\/\/fmactiv.org\/index.php\/emprendimiento\/","og_locale":"es_ES","og_type":"article","og_title":"Emprendimiento - fmactiv","og_description":"Emprendimiento FMACTIV te ayuda a constituir una agencia de viajes de manera f\u00e1cil, segura y con los mejores proveedores","og_url":"https:\/\/fmactiv.org\/index.php\/emprendimiento\/","og_site_name":"fmactiv","article_modified_time":"2023-05-09T02:28:11+00:00","og_image":[{"url":"https:\/\/fmactiv.org\/wp-content\/uploads\/2023\/05\/agencia-de-viajes.jpeg"}],"twitter_card":"summary_large_image","twitter_misc":{"Tiempo de lectura":"1 minuto"},"schema":{"@context":"https:\/\/schema.org","@graph":[{"@type":"WebPage","@id":"https:\/\/fmactiv.org\/index.php\/emprendimiento\/","url":"https:\/\/fmactiv.org\/index.php\/emprendimiento\/","name":"Emprendimiento - fmactiv","isPartOf":{"@id":"https:\/\/fmactiv.org\/#website"},"datePublished":"2023-04-21T00:54:45+00:00","dateModified":"2023-05-09T02:28:11+00:00","description":"Emprendimiento FMACTIV te ayuda a constituir una agencia de viajes de manera f\u00e1cil, segura y con los mejores proveedores","breadcrumb":{"@id":"https:\/\/fmactiv.org\/index.php\/emprendimiento\/#breadcrumb"},"inLanguage":"es","potentialAction":[{"@type":"ReadAction","target":["https:\/\/fmactiv.org\/index.php\/emprendimiento\/"]}]},{"@type":"BreadcrumbList","@id":"https:\/\/fmactiv.org\/index.php\/emprendimiento\/#breadcrumb","itemListElement":[{"@type":"ListItem","position":1,"name":"Portada","item":"https:\/\/fmactiv.org\/"},{"@type":"ListItem","position":2,"name":"Emprendimiento"}]},{"@type":"WebSite","@id":"https:\/\/fmactiv.org\/#website","url":"https:\/\/fmactiv.org\/","name":"fmactiv","description":"","publisher":{"@id":"https:\/\/fmactiv.org\/#organization"},"potentialAction":[{"@type":"SearchAction","target":{"@type":"EntryPoint","urlTemplate":"https:\/\/fmactiv.org\/?s={search_term_string}"},"query-input":"required name=search_term_string"}],"inLanguage":"es"},{"@type":"Organization","@id":"https:\/\/fmactiv.org\/#organization","name":"fmactiv","url":"https:\/\/fmactiv.org\/","logo":{"@type":"ImageObject","inLanguage":"es","@id":"https:\/\/fmactiv.org\/#\/schema\/logo\/image\/","url":"https:\/\/fmactiv.org\/wp-content\/uploads\/2025\/07\/900.jpg","contentUrl":"https:\/\/fmactiv.org\/wp-content\/uploads\/2025\/07\/900.jpg","width":900,"height":333,"caption":"fmactiv"},"image":{"@id":"https:\/\/fmactiv.org\/#\/schema\/logo\/image\/"}}]}},"_links":{"self":[{"href":"https:\/\/fmactiv.org\/index.php\/wp-json\/wp\/v2\/pages\/128","targetHints":{"allow":["GET"]}}],"collection":[{"href":"https:\/\/fmactiv.org\/index.php\/wp-json\/wp\/v2\/pages"}],"about":[{"href":"https:\/\/fmactiv.org\/index.php\/wp-json\/wp\/v2\/types\/page"}],"author":[{"embeddable":true,"href":"https:\/\/fmactiv.org\/index.php\/wp-json\/wp\/v2\/users\/1"}],"replies":[{"embeddable":true,"href":"https:\/\/fmactiv.org\/index.php\/wp-json\/wp\/v2\/comments?post=128"}],"version-history":[{"count":3,"href":"https:\/\/fmactiv.org\/index.php\/wp-json\/wp\/v2\/pages\/128\/revisions"}],"predecessor-version":[{"id":275,"href":"https:\/\/fmactiv.org\/index.php\/wp-json\/wp\/v2\/pages\/128\/revisions\/275"}],"wp:attachment":[{"href":"https:\/\/fmactiv.org\/index.php\/wp-json\/wp\/v2\/media?parent=128"}],"curies":[{"name":"wp","href":"https:\/\/api.w.org\/{rel}","templated":true}]}}